{"id":11,"date":"2023-05-11T15:25:13","date_gmt":"2023-05-11T13:25:13","guid":{"rendered":"https:\/\/2tteam.com\/?page_id=11"},"modified":"2023-05-22T15:25:23","modified_gmt":"2023-05-22T13:25:23","slug":"homepage","status":"publish","type":"page","link":"https:\/\/2tteam.com\/","title":{"rendered":"High quality English to French localization"},"content":{"rendered":"\n<div class=\"wp-block-uagb-container contact-info uagb-block-e19762c1 alignfull uagb-is-root-container\"><div class=\"uagb-container-inner-blocks-wrap\">\n<p><br>&nbsp; &nbsp; &nbsp; Julien DARDOULLIER<br>&nbsp; &nbsp; &nbsp; Email: 2tteam.tyrian@gmail.com<br>&nbsp; &nbsp; &nbsp; Address: 1909 Route de Tournebize, <br>&nbsp; &nbsp;  &nbsp;63120 Aubusson-d\u2019Auvergne,<br> &nbsp; &nbsp; &nbsp;FRANCE<br>&nbsp; &nbsp; &nbsp; SIRET : 95125491100013<\/p>\n<\/div><\/div>\n\n\n\n<div class=\"wp-block-uagb-container mainpage-textcontainer1 uagb-block-b652e11f default uagb-is-root-container\">\n<h3 class=\"wp-block-heading alignwide main-page-title page-break\">High quality English to French localization<\/h3>\n\n\n\n<div class=\"wp-block-uagb-container uagb-block-0591dfe3\">\n<p class=\"has-medium-font-size\">We provide<strong> advanced localization services<\/strong> from English to French.<\/p>\n\n\n\n<p class=\"has-medium-font-size\">We are a dynamic business with more than 12 years of experience and are specialized in the field of <strong>video games<\/strong>.<\/p>\n\n\n\n<p class=\"has-medium-font-size\">We offer you a <strong>dedicated partnership <\/strong>as well as high availability and <strong>responsive services<\/strong> in order to bring<strong> top quality localizations.<\/strong><\/p>\n\n\n\n<p class=\"has-medium-font-size\">We deliver <strong>any type of localizations<\/strong> you may need, ranging from, but not limited to, games UI elements, guides, websites, news, subtitles, &#8230;<\/p>\n\n\n\n<p class=\"has-medium-font-size\"><strong>We are here to assist you<\/strong> on any work you deem necessary to satisfy your French speaking customers.<\/p>\n\n\n\n<p class=\"has-medium-font-size\">We operate in an international context. We adapt to cultural and societal specificities<strong> <\/strong>thus <strong>maximizing end-user satisfaction for each product.<\/strong><\/p>\n<\/div>\n<\/div>\n\n\n\n<div style=\"height:30px\" aria-hidden=\"true\" class=\"wp-block-spacer\"><\/div>\n\n\n<div class=\"wp-block-image\">\n<figure class=\"aligncenter size-full is-resized\"><a href=\"https:\/\/2tteam.com\/index.php\/contact\/\"><img loading=\"lazy\" decoding=\"async\" src=\"https:\/\/2tteam.com\/wp-content\/uploads\/2023\/05\/englishtofrenchflags.webp\" alt=\"\" class=\"wp-image-280\" width=\"119\" height=\"65\" srcset=\"https:\/\/2tteam.com\/wp-content\/uploads\/2023\/05\/englishtofrenchflags.webp 391w, https:\/\/2tteam.com\/wp-content\/uploads\/2023\/05\/englishtofrenchflags-300x165.webp 300w\" sizes=\"auto, (max-width: 119px) 100vw, 119px\" \/><\/a><\/figure>\n<\/div>\n\n\n<div style=\"height:30px\" aria-hidden=\"true\" class=\"wp-block-spacer\"><\/div>\n\n\n\n<div class=\"wp-block-uagb-container mainpage-textcontainer2 uagb-block-7d87ebdd alignfull uagb-is-root-container\"><div class=\"uagb-container-inner-blocks-wrap\">\n<h3 class=\"wp-block-heading alignwide has-medium-font-size\">Our localization skills include<\/h3>\n\n\n\n<ul class=\"wp-block-list\">\n<li class=\"has-medium-font-size\">Video games clients<\/li>\n\n\n\n<li class=\"has-medium-font-size\">Guides<\/li>\n\n\n\n<li class=\"has-medium-font-size\">Websites<\/li>\n\n\n\n<li class=\"has-medium-font-size\">Advertising<\/li>\n\n\n\n<li class=\"has-medium-font-size\">Shops and Merchandising<\/li>\n\n\n\n<li class=\"has-medium-font-size\">Press kits<\/li>\n\n\n\n<li class=\"has-medium-font-size\">Subtitles<\/li>\n\n\n\n<li class=\"has-medium-font-size\">Transcriptions<\/li>\n\n\n\n<li class=\"has-medium-font-size\">Proofreading<\/li>\n<\/ul>\n<\/div><\/div>\n\n\n\n<div style=\"height:10px\" aria-hidden=\"true\" class=\"wp-block-spacer\"><\/div>\n\n\n","protected":false},"excerpt":{"rendered":"<p>&nbsp; &nbsp; &nbsp; Julien DARDOULLIER&nbsp; &nbsp; &nbsp; Email: 2tteam.tyrian@gmail.com&nbsp; &nbsp; &nbsp; Address: 1909 Route de Tournebize, &nbsp; &nbsp; &nbsp;63120 Aubusson-d\u2019Auvergne, &nbsp; &nbsp; &nbsp;FRANCE&nbsp; &nbsp; &nbsp; SIRET : 95125491100013 High quality English to French localization We provide advanced localization services from English to French. We are a dynamic business with more than 12 years of experience &#8230; <a title=\"High quality English to French localization\" class=\"read-more\" href=\"https:\/\/2tteam.com\/\" aria-label=\"En savoir plus sur High quality English to French localization\">Lire la suite<\/a><\/p>\n","protected":false},"author":1,"featured_media":0,"parent":0,"menu_order":0,"comment_status":"closed","ping_status":"closed","template":"","meta":{"_uag_custom_page_level_css":"","advgb_blocks_editor_width":"","advgb_blocks_columns_visual_guide":"","footnotes":""},"class_list":["post-11","page","type-page","status-publish"],"aioseo_notices":[],"uagb_featured_image_src":{"full":false,"thumbnail":false,"medium":false,"medium_large":false,"large":false,"1536x1536":false,"2048x2048":false},"uagb_author_info":{"display_name":"admin2673","author_link":"https:\/\/2tteam.com\/index.php\/author\/admin2673\/"},"uagb_comment_info":0,"uagb_excerpt":"&nbsp; &nbsp; &nbsp; Julien DARDOULLIER&nbsp; &nbsp; &nbsp; Email: 2tteam.tyrian@gmail.com&nbsp; &nbsp; &nbsp; Address: 1909 Route de Tournebize, &nbsp; &nbsp; &nbsp;63120 Aubusson-d\u2019Auvergne, &nbsp; &nbsp; &nbsp;FRANCE&nbsp; &nbsp; &nbsp; SIRET : 95125491100013 High quality English to French localization We provide advanced localization services from English to French. We are a dynamic business with more than 12 years of experience\u2026","coauthors":[],"author_meta":{"author_link":"https:\/\/2tteam.com\/index.php\/author\/admin2673\/","display_name":"admin2673"},"relative_dates":{"created":"Publi\u00e9 3 ans il y a","modified":"Mis \u00e0 jour 3 ans il y a"},"absolute_dates":{"created":"Publi\u00e9 le 11 mai 2023","modified":"Mise \u00e0 jour le 22 mai 2023"},"absolute_dates_time":{"created":"Publi\u00e9 le 11 mai 2023 15h25","modified":"Mise \u00e0 jour le 22 mai 2023 15h25"},"featured_img_caption":"","featured_img":false,"series_order":"","_links":{"self":[{"href":"https:\/\/2tteam.com\/index.php\/wp-json\/wp\/v2\/pages\/11","targetHints":{"allow":["GET"]}}],"collection":[{"href":"https:\/\/2tteam.com\/index.php\/wp-json\/wp\/v2\/pages"}],"about":[{"href":"https:\/\/2tteam.com\/index.php\/wp-json\/wp\/v2\/types\/page"}],"author":[{"embeddable":true,"href":"https:\/\/2tteam.com\/index.php\/wp-json\/wp\/v2\/users\/1"}],"replies":[{"embeddable":true,"href":"https:\/\/2tteam.com\/index.php\/wp-json\/wp\/v2\/comments?post=11"}],"version-history":[{"count":149,"href":"https:\/\/2tteam.com\/index.php\/wp-json\/wp\/v2\/pages\/11\/revisions"}],"predecessor-version":[{"id":693,"href":"https:\/\/2tteam.com\/index.php\/wp-json\/wp\/v2\/pages\/11\/revisions\/693"}],"wp:attachment":[{"href":"https:\/\/2tteam.com\/index.php\/wp-json\/wp\/v2\/media?parent=11"}],"curies":[{"name":"wp","href":"https:\/\/api.w.org\/{rel}","templated":true}]}}