{"id":13,"date":"2023-05-11T15:25:46","date_gmt":"2023-05-11T13:25:46","guid":{"rendered":"https:\/\/2tteam.com\/?page_id=13"},"modified":"2023-05-24T17:47:18","modified_gmt":"2023-05-24T15:47:18","slug":"portfolio","status":"publish","type":"page","link":"https:\/\/2tteam.com\/index.php\/portfolio\/","title":{"rendered":"Our Portfolio"},"content":{"rendered":"\n<h2 class=\"wp-block-heading\">Our Portfolio<\/h2>\n\n\n\n<div style=\"height:2px\" aria-hidden=\"true\" class=\"wp-block-spacer\"><\/div>\n\n\n\n<div class=\"wp-block-uagb-container uagb-block-1467838f alignfull uagb-is-root-container\"><div class=\"uagb-container-inner-blocks-wrap\">\n<div class=\"wp-block-uagb-container portfolio-top-image uagb-block-be2e7e1b\"><div class=\"wp-block-image\">\n<figure class=\"aligncenter size-large\"><img loading=\"lazy\" decoding=\"async\" width=\"1024\" height=\"234\" src=\"https:\/\/2tteam.com\/wp-content\/uploads\/2023\/05\/world-of-tanks-wargaming-world-of-warships-video-game-logo-others-f9b43af8f341d4cf7bcbf0e9373a3f98-1024x234.png\" alt=\"\" class=\"wp-image-378\" srcset=\"https:\/\/2tteam.com\/wp-content\/uploads\/2023\/05\/world-of-tanks-wargaming-world-of-warships-video-game-logo-others-f9b43af8f341d4cf7bcbf0e9373a3f98-1024x234.png 1024w, https:\/\/2tteam.com\/wp-content\/uploads\/2023\/05\/world-of-tanks-wargaming-world-of-warships-video-game-logo-others-f9b43af8f341d4cf7bcbf0e9373a3f98-300x69.png 300w, https:\/\/2tteam.com\/wp-content\/uploads\/2023\/05\/world-of-tanks-wargaming-world-of-warships-video-game-logo-others-f9b43af8f341d4cf7bcbf0e9373a3f98-768x176.png 768w, https:\/\/2tteam.com\/wp-content\/uploads\/2023\/05\/world-of-tanks-wargaming-world-of-warships-video-game-logo-others-f9b43af8f341d4cf7bcbf0e9373a3f98-1536x351.png 1536w, https:\/\/2tteam.com\/wp-content\/uploads\/2023\/05\/world-of-tanks-wargaming-world-of-warships-video-game-logo-others-f9b43af8f341d4cf7bcbf0e9373a3f98-2048x468.png 2048w\" sizes=\"auto, (max-width: 1024px) 100vw, 1024px\" \/><\/figure>\n<\/div><\/div>\n<\/div><\/div>\n\n\n\n<div class=\"wp-block-uagb-container color-box-portfolio-top uagb-block-8255334e alignfull uagb-is-root-container\"><div class=\"uagb-container-inner-blocks-wrap\">\n<div class=\"wp-block-uagb-container uagb-block-3967a2ad\">\n<figure class=\"wp-block-image size-full\"><a href=\"https:\/\/worldoftanks.eu\"><img loading=\"lazy\" decoding=\"async\" width=\"800\" height=\"298\" src=\"https:\/\/2tteam.com\/wp-content\/uploads\/2023\/05\/WoT_logo-1-1-1.png\" alt=\"\" class=\"wp-image-686\" srcset=\"https:\/\/2tteam.com\/wp-content\/uploads\/2023\/05\/WoT_logo-1-1-1.png 800w, https:\/\/2tteam.com\/wp-content\/uploads\/2023\/05\/WoT_logo-1-1-1-300x112.png 300w, https:\/\/2tteam.com\/wp-content\/uploads\/2023\/05\/WoT_logo-1-1-1-768x286.png 768w\" sizes=\"auto, (max-width: 800px) 100vw, 800px\" \/><\/a><\/figure>\n<\/div>\n\n\n\n<div class=\"wp-block-uagb-container uagb-block-647ccf3f\">\n<figure class=\"wp-block-image size-full\"><a href=\"https:\/\/eu.wotblitz.com\/\"><img loading=\"lazy\" decoding=\"async\" width=\"601\" height=\"464\" src=\"https:\/\/2tteam.com\/wp-content\/uploads\/2023\/05\/NicePng_world-of-tanks-png_3021294.png\" alt=\"\" class=\"wp-image-665\" srcset=\"https:\/\/2tteam.com\/wp-content\/uploads\/2023\/05\/NicePng_world-of-tanks-png_3021294.png 601w, https:\/\/2tteam.com\/wp-content\/uploads\/2023\/05\/NicePng_world-of-tanks-png_3021294-300x232.png 300w\" sizes=\"auto, (max-width: 601px) 100vw, 601px\" \/><\/a><\/figure>\n<\/div>\n<\/div><\/div>\n\n\n\n<div class=\"wp-block-uagb-container color-box-portfolio-middle uagb-block-1366c613 alignfull uagb-is-root-container\"><div class=\"uagb-container-inner-blocks-wrap\">\n<div class=\"wp-block-uagb-container uagb-block-294c484c\">\n<figure class=\"wp-block-image size-full is-resized\"><a href=\"https:\/\/worldofwarships.eu\/fr\/\" target=\"_blank\" rel=\"noreferrer noopener\"><img loading=\"lazy\" decoding=\"async\" src=\"https:\/\/2tteam.com\/wp-content\/uploads\/2023\/05\/world-of-war-planes51868-640.png\" alt=\"World of Warships\" class=\"wp-image-71\" width=\"539\" height=\"523\" srcset=\"https:\/\/2tteam.com\/wp-content\/uploads\/2023\/05\/world-of-war-planes51868-640.png 367w, https:\/\/2tteam.com\/wp-content\/uploads\/2023\/05\/world-of-war-planes51868-640-300x291.png 300w\" sizes=\"auto, (max-width: 539px) 100vw, 539px\" \/><\/a><\/figure>\n<\/div>\n\n\n\n<div class=\"wp-block-uagb-container uagb-block-c07e4b7a\">\n<figure class=\"wp-block-image size-full is-resized\"><a href=\"https:\/\/eu.wargaming.net\/en\/games\/wowp\" target=\"_blank\" rel=\"noreferrer noopener\"><img loading=\"lazy\" decoding=\"async\" src=\"https:\/\/2tteam.com\/wp-content\/uploads\/2023\/05\/WoWLogo.webp\" alt=\"\" class=\"wp-image-530\" width=\"544\" height=\"544\" srcset=\"https:\/\/2tteam.com\/wp-content\/uploads\/2023\/05\/WoWLogo.webp 300w, https:\/\/2tteam.com\/wp-content\/uploads\/2023\/05\/WoWLogo-150x150.webp 150w\" sizes=\"auto, (max-width: 544px) 100vw, 544px\" \/><\/a><\/figure>\n<\/div>\n<\/div><\/div>\n\n\n\n<div class=\"wp-block-uagb-container color-box-portfolio-middle uagb-block-191abcae alignfull uagb-is-root-container\"><div class=\"uagb-container-inner-blocks-wrap\">\n<div class=\"wp-block-uagb-container uagb-block-23865516\">\n<figure class=\"wp-block-image size-full\"><a href=\"https:\/\/wowslegends.com\/\" target=\"_blank\" rel=\"noreferrer noopener\"><img loading=\"lazy\" decoding=\"async\" width=\"576\" height=\"250\" src=\"https:\/\/2tteam.com\/wp-content\/uploads\/2023\/05\/7_8_logo_shadow_2.png\" alt=\"\" class=\"wp-image-534\" srcset=\"https:\/\/2tteam.com\/wp-content\/uploads\/2023\/05\/7_8_logo_shadow_2.png 576w, https:\/\/2tteam.com\/wp-content\/uploads\/2023\/05\/7_8_logo_shadow_2-300x130.png 300w\" sizes=\"auto, (max-width: 576px) 100vw, 576px\" \/><\/a><\/figure>\n<\/div>\n\n\n\n<div class=\"wp-block-uagb-container uagb-block-3204707d\">\n<figure class=\"wp-block-image size-full is-resized\"><a href=\"https:\/\/wiki.wargaming.net\/fr\/WoT_Generals\" target=\"_blank\" rel=\"noreferrer noopener\"><img loading=\"lazy\" decoding=\"async\" src=\"https:\/\/2tteam.com\/wp-content\/uploads\/2023\/05\/World_of_Tanks_Generals_logo.png\" alt=\"\" class=\"wp-image-82\" width=\"414\" height=\"239\" srcset=\"https:\/\/2tteam.com\/wp-content\/uploads\/2023\/05\/World_of_Tanks_Generals_logo.png 414w, https:\/\/2tteam.com\/wp-content\/uploads\/2023\/05\/World_of_Tanks_Generals_logo-300x173.png 300w\" sizes=\"auto, (max-width: 414px) 100vw, 414px\" \/><\/a><\/figure>\n<\/div>\n<\/div><\/div>\n\n\n\n<div class=\"wp-block-uagb-container color-box-portfolio-bottom uagb-block-8d3a3702 alignfull uagb-is-root-container\"><div class=\"uagb-container-inner-blocks-wrap\">\n<div class=\"wp-block-uagb-container uagb-block-81d474fa\">\n<figure class=\"wp-block-image size-large\"><a href=\"https:\/\/eu.wargaming.net\/en\/games\/moo\" target=\"_blank\" rel=\"noreferrer noopener\"><img loading=\"lazy\" decoding=\"async\" width=\"1024\" height=\"640\" src=\"https:\/\/2tteam.com\/wp-content\/uploads\/2023\/05\/pngwing.com_-1024x640.png\" alt=\"\" class=\"wp-image-551\" srcset=\"https:\/\/2tteam.com\/wp-content\/uploads\/2023\/05\/pngwing.com_-1024x640.png 1024w, https:\/\/2tteam.com\/wp-content\/uploads\/2023\/05\/pngwing.com_-300x188.png 300w, https:\/\/2tteam.com\/wp-content\/uploads\/2023\/05\/pngwing.com_-768x480.png 768w, https:\/\/2tteam.com\/wp-content\/uploads\/2023\/05\/pngwing.com_-1536x960.png 1536w, https:\/\/2tteam.com\/wp-content\/uploads\/2023\/05\/pngwing.com_.png 1920w\" sizes=\"auto, (max-width: 1024px) 100vw, 1024px\" \/><\/a><\/figure>\n<\/div>\n\n\n\n<div class=\"wp-block-uagb-container uagb-block-2c28c3e9\">\n<figure class=\"wp-block-image size-large\"><a href=\"https:\/\/wiki.totalwar.com\/w\/Total_War_Arena.html\" target=\"_blank\" rel=\"noreferrer noopener\"><img loading=\"lazy\" decoding=\"async\" width=\"1024\" height=\"497\" src=\"https:\/\/2tteam.com\/wp-content\/uploads\/2023\/05\/kisspng-total-war-arena-world-of-tanks-video-game-sega-cr-total-war-arena-5b0ec1577ef488.84487515152769365552-1024x497.png\" alt=\"\" class=\"wp-image-548\" srcset=\"https:\/\/2tteam.com\/wp-content\/uploads\/2023\/05\/kisspng-total-war-arena-world-of-tanks-video-game-sega-cr-total-war-arena-5b0ec1577ef488.84487515152769365552-1024x497.png 1024w, https:\/\/2tteam.com\/wp-content\/uploads\/2023\/05\/kisspng-total-war-arena-world-of-tanks-video-game-sega-cr-total-war-arena-5b0ec1577ef488.84487515152769365552-300x145.png 300w, https:\/\/2tteam.com\/wp-content\/uploads\/2023\/05\/kisspng-total-war-arena-world-of-tanks-video-game-sega-cr-total-war-arena-5b0ec1577ef488.84487515152769365552-768x372.png 768w, https:\/\/2tteam.com\/wp-content\/uploads\/2023\/05\/kisspng-total-war-arena-world-of-tanks-video-game-sega-cr-total-war-arena-5b0ec1577ef488.84487515152769365552.png 1027w\" sizes=\"auto, (max-width: 1024px) 100vw, 1024px\" \/><\/a><\/figure>\n<\/div>\n<\/div><\/div>\n\n\n\n<div style=\"height:50px\" aria-hidden=\"true\" class=\"wp-block-spacer\"><\/div>\n\n\n<div class=\"wp-block-image\">\n<figure class=\"aligncenter size-large is-resized\"><img loading=\"lazy\" decoding=\"async\" src=\"https:\/\/2tteam.com\/wp-content\/uploads\/2023\/05\/MFG-logo-For-White-Backround-1-1024x512.png\" alt=\"\" class=\"wp-image-94\" width=\"596\" height=\"298\" srcset=\"https:\/\/2tteam.com\/wp-content\/uploads\/2023\/05\/MFG-logo-For-White-Backround-1-1024x512.png 1024w, https:\/\/2tteam.com\/wp-content\/uploads\/2023\/05\/MFG-logo-For-White-Backround-1-300x150.png 300w, https:\/\/2tteam.com\/wp-content\/uploads\/2023\/05\/MFG-logo-For-White-Backround-1-768x384.png 768w, https:\/\/2tteam.com\/wp-content\/uploads\/2023\/05\/MFG-logo-For-White-Backround-1.png 1531w\" sizes=\"auto, (max-width: 596px) 100vw, 596px\" \/><\/figure>\n<\/div>\n\n\n<div style=\"height:30px\" aria-hidden=\"true\" class=\"wp-block-spacer\"><\/div>\n\n\n\n<div class=\"wp-block-uagb-container color-box-portfolio-full uagb-block-04e4bef2 alignfull uagb-is-root-container\"><div class=\"uagb-container-inner-blocks-wrap\">\n<div class=\"wp-block-uagb-container uagb-block-6a8605b9\">\n<figure class=\"wp-block-image size-full\"><a href=\"https:\/\/www.madfingergames.com\/deadtrigger2\" target=\"_blank\" rel=\"noreferrer noopener\"><img loading=\"lazy\" decoding=\"async\" width=\"512\" height=\"512\" src=\"https:\/\/2tteam.com\/wp-content\/uploads\/2023\/05\/deadtrigger2.png\" alt=\"Dead trigger 2\" class=\"wp-image-331\" srcset=\"https:\/\/2tteam.com\/wp-content\/uploads\/2023\/05\/deadtrigger2.png 512w, https:\/\/2tteam.com\/wp-content\/uploads\/2023\/05\/deadtrigger2-300x300.png 300w, https:\/\/2tteam.com\/wp-content\/uploads\/2023\/05\/deadtrigger2-150x150.png 150w\" sizes=\"auto, (max-width: 512px) 100vw, 512px\" \/><\/a><\/figure>\n<\/div>\n\n\n\n<div class=\"wp-block-uagb-container uagb-block-07801137\">\n<figure class=\"wp-block-image size-full\"><a href=\"https:\/\/play.google.com\/store\/apps\/details?id=com.madfingergames.unkilled&amp;hl=fr_CH\" target=\"_blank\" rel=\"noreferrer noopener\"><img loading=\"lazy\" decoding=\"async\" width=\"512\" height=\"512\" src=\"https:\/\/2tteam.com\/wp-content\/uploads\/2023\/05\/unkilled.png\" alt=\"Unkilled\" class=\"wp-image-332\" srcset=\"https:\/\/2tteam.com\/wp-content\/uploads\/2023\/05\/unkilled.png 512w, https:\/\/2tteam.com\/wp-content\/uploads\/2023\/05\/unkilled-300x300.png 300w, https:\/\/2tteam.com\/wp-content\/uploads\/2023\/05\/unkilled-150x150.png 150w\" sizes=\"auto, (max-width: 512px) 100vw, 512px\" \/><\/a><\/figure>\n<\/div>\n<\/div><\/div>\n\n\n\n<div style=\"height:50px\" aria-hidden=\"true\" class=\"wp-block-spacer\"><\/div>\n\n\n<div class=\"wp-block-image is-style-default\">\n<figure class=\"aligncenter size-full\"><img loading=\"lazy\" decoding=\"async\" width=\"369\" height=\"77\" src=\"https:\/\/2tteam.com\/wp-content\/uploads\/2023\/05\/ESTsoft_Logo.png\" alt=\"\" class=\"wp-image-556\" srcset=\"https:\/\/2tteam.com\/wp-content\/uploads\/2023\/05\/ESTsoft_Logo.png 369w, https:\/\/2tteam.com\/wp-content\/uploads\/2023\/05\/ESTsoft_Logo-300x63.png 300w\" sizes=\"auto, (max-width: 369px) 100vw, 369px\" \/><\/figure>\n<\/div>\n\n\n<div style=\"height:30px\" aria-hidden=\"true\" class=\"wp-block-spacer\"><\/div>\n\n\n\n<div class=\"wp-block-uagb-container color-box-portfolio-full uagb-block-26e4af9b alignfull uagb-is-root-container\"><div class=\"uagb-container-inner-blocks-wrap\"><div class=\"wp-block-image\">\n<figure class=\"aligncenter size-full is-resized\"><a href=\"http:\/\/cabalonlinegame.com\/\" target=\"_blank\" rel=\"noreferrer noopener\"><img loading=\"lazy\" decoding=\"async\" src=\"https:\/\/2tteam.com\/wp-content\/uploads\/2023\/05\/Cabal_Online_Logo.png\" alt=\"\" class=\"wp-image-554\" width=\"454\" height=\"112\" srcset=\"https:\/\/2tteam.com\/wp-content\/uploads\/2023\/05\/Cabal_Online_Logo.png 610w, https:\/\/2tteam.com\/wp-content\/uploads\/2023\/05\/Cabal_Online_Logo-300x74.png 300w\" sizes=\"auto, (max-width: 454px) 100vw, 454px\" \/><\/a><\/figure>\n<\/div><\/div><\/div>\n\n\n\n<div style=\"height:100px\" aria-hidden=\"true\" class=\"wp-block-spacer\"><\/div>\n\n\n<div class=\"wp-block-image\">\n<figure class=\"aligncenter size-full is-resized\"><a href=\"https:\/\/2tteam.com\/index.php\/contact\/\"><img loading=\"lazy\" decoding=\"async\" src=\"https:\/\/2tteam.com\/wp-content\/uploads\/2023\/05\/englishtofrenchflags.webp\" alt=\"\" class=\"wp-image-280\" width=\"114\" height=\"63\" srcset=\"https:\/\/2tteam.com\/wp-content\/uploads\/2023\/05\/englishtofrenchflags.webp 391w, https:\/\/2tteam.com\/wp-content\/uploads\/2023\/05\/englishtofrenchflags-300x165.webp 300w\" sizes=\"auto, (max-width: 114px) 100vw, 114px\" \/><\/a><\/figure>\n<\/div>\n\n\n<div style=\"height:10px\" aria-hidden=\"true\" class=\"wp-block-spacer\"><\/div>\n\n\n\n\n\n<div style=\"height:100px\" aria-hidden=\"true\" class=\"wp-block-spacer\"><\/div>\n","protected":false},"excerpt":{"rendered":"<p>Our Portfolio<\/p>\n","protected":false},"author":1,"featured_media":0,"parent":0,"menu_order":0,"comment_status":"closed","ping_status":"closed","template":"","meta":{"_uag_custom_page_level_css":"","advgb_blocks_editor_width":"","advgb_blocks_columns_visual_guide":"","footnotes":""},"class_list":["post-13","page","type-page","status-publish"],"aioseo_notices":[],"uagb_featured_image_src":{"full":false,"thumbnail":false,"medium":false,"medium_large":false,"large":false,"1536x1536":false,"2048x2048":false},"uagb_author_info":{"display_name":"admin2673","author_link":"https:\/\/2tteam.com\/index.php\/author\/admin2673\/"},"uagb_comment_info":0,"uagb_excerpt":"Our Portfolio","coauthors":[],"author_meta":{"author_link":"https:\/\/2tteam.com\/index.php\/author\/admin2673\/","display_name":"admin2673"},"relative_dates":{"created":"Publi\u00e9 3 ans il y a","modified":"Mis \u00e0 jour 3 ans il y a"},"absolute_dates":{"created":"Publi\u00e9 le 11 mai 2023","modified":"Mise \u00e0 jour le 24 mai 2023"},"absolute_dates_time":{"created":"Publi\u00e9 le 11 mai 2023 15h25","modified":"Mise \u00e0 jour le 24 mai 2023 17h47"},"featured_img_caption":"","featured_img":false,"series_order":"","_links":{"self":[{"href":"https:\/\/2tteam.com\/index.php\/wp-json\/wp\/v2\/pages\/13","targetHints":{"allow":["GET"]}}],"collection":[{"href":"https:\/\/2tteam.com\/index.php\/wp-json\/wp\/v2\/pages"}],"about":[{"href":"https:\/\/2tteam.com\/index.php\/wp-json\/wp\/v2\/types\/page"}],"author":[{"embeddable":true,"href":"https:\/\/2tteam.com\/index.php\/wp-json\/wp\/v2\/users\/1"}],"replies":[{"embeddable":true,"href":"https:\/\/2tteam.com\/index.php\/wp-json\/wp\/v2\/comments?post=13"}],"version-history":[{"count":189,"href":"https:\/\/2tteam.com\/index.php\/wp-json\/wp\/v2\/pages\/13\/revisions"}],"predecessor-version":[{"id":691,"href":"https:\/\/2tteam.com\/index.php\/wp-json\/wp\/v2\/pages\/13\/revisions\/691"}],"wp:attachment":[{"href":"https:\/\/2tteam.com\/index.php\/wp-json\/wp\/v2\/media?parent=13"}],"curies":[{"name":"wp","href":"https:\/\/api.w.org\/{rel}","templated":true}]}}