{"id":3,"date":"2023-04-25T18:53:43","date_gmt":"2023-04-25T16:53:43","guid":{"rendered":"http:\/\/2tteam.com\/?page_id=3"},"modified":"2023-06-27T09:11:46","modified_gmt":"2023-06-27T07:11:46","slug":"politique-de-confidentialite","status":"publish","type":"page","link":"https:\/\/2tteam.com\/index.php\/politique-de-confidentialite\/","title":{"rendered":"Politique de confidentialit\u00e9"},"content":{"rendered":"\n<p><strong>Designer du site<\/strong><\/p>\n\n\n\n<p>Design wordpress par Cyril ARTUR<\/p>\n\n\n\n<p>Cyril ARTUR<br>SIRET :81485972400043<br>14 Rue de l\u2019all\u00e9e<br>63930 Augerolles<br>FRANCE<br>Email : <a href=\"mailto:contact@rencontredesoi.com\" target=\"_blank\" rel=\"noreferrer noopener\">contact@rencontredesoi.com<\/a><br>Pas de capital social<br>Non assujettie \u00e0 la TVA<\/p>\n\n\n\n<p><strong>Propri\u00e9taire du site<\/strong><\/p>\n\n\n\n<p>Julien Dardoullier<br>SIRET : 95125491100013<br>Adresse : 1909 Route de Tournebize, 63120 Aubusson-d&rsquo;Auvergne<\/p>\n\n\n\n<p>FRANCE<br>Email : <a rel=\"noreferrer noopener\" href=\"mailto:contact@rencontredesoi.com\" target=\"_blank\">2tteam.tyrian@gmail.com<\/a><br>Pas de capital social<br>Non assujettie \u00e0 la TVA<\/p>\n\n\n\n<p><strong>Responsable \u00e9ditorial<\/strong><\/p>\n\n\n\n<p>Julien Dardoullier<br>SIRET : 95125491100013<br>Adresse: 1909 Route de Tournebize, 63120 Aubusson-d&rsquo;Auvergne<br>FRANCE<br>Email <a href=\"mailto:2tteam.tyrian@gmail.com\">2tteam.tyrian@gmail.com<\/a><br>Pas de capital social<br>Non assujettie \u00e0 la TVA<\/p>\n\n\n\n<p><strong>Droits des marques d\u00e9pos\u00e9es<\/strong><\/p>\n\n\n\n<p>Toutes les marques d\u00e9pos\u00e9es et droits des marqu\u00e9es d\u00e9pos\u00e9es sont la propri\u00e9t\u00e9 exclusive de leurs propri\u00e9taires respectifs.<\/p>\n\n\n\n<p><strong>H\u00e9bergement du site<\/strong><br>IONOS&nbsp;SARL<\/p>\n\n\n\n<p class=\"has-accent-background-color has-background\">7, place de la Gare,<br>BP 70109, 57200 Sarreguemines Cedex, &nbsp;<br>431 303 775 RCS Sarreguemines<br>t\u00e9l. : 0970 808 911, info@IONOS.fr<\/p>\n\n\n\n<p>Le site accessible par l\u2019URL suivant : <a href=\"https:\/\/2tteam.com\">2tteam.com&nbsp;<\/a>est exploit\u00e9 dans le respect de la l\u00e9gislation fran\u00e7aise. L\u2019utilisation de ce site est r\u00e9gie par les pr\u00e9sentes conditions g\u00e9n\u00e9rales. En utilisant le site, vous reconnaissez avoir pris connaissance de ces conditions et les avoir accept\u00e9es. Celles-ci pourront \u00eatre modifi\u00e9es \u00e0 tout moment et sans pr\u00e9avis par Julien Dardoullier.<\/p>\n\n\n\n<p>Julien Dardoullier ne saurait \u00eatre tenu pour responsable en aucune mani\u00e8re d\u2019une mauvaise utilisation du service.<\/p>\n\n\n\n<p><strong>&nbsp;Informations personnelles :<\/strong><\/p>\n\n\n\n<p>Informations relatives \u00e0 la collecte d\u2019informations personnelles de donn\u00e9es nominatives et \u00e0 la protection de la vie priv\u00e9e.<\/p>\n\n\n\n<p>Julien Dardoullier via son site 2tteam.com&nbsp;peut collecter et traiter des informations personnelles relatives \u00e0 l\u2019utilisateur (nom, adresse \u00e9lectronique, coordonn\u00e9es t\u00e9l\u00e9phoniques) uniquement pour les demandes de renseignements et il est pr\u00e9cis\u00e9 \u00e0 l\u2019utilisateur le caract\u00e8re obligatoire ou non des informations qu\u2019il est amen\u00e9 \u00e0 fournir.<\/p>\n\n\n\n<p>L\u2019utilisateur dispose d\u2019un droit d\u2019acc\u00e8s, de modification, de rectification et de suppression des donn\u00e9es qui le concernent. Pour l\u2019exercer, l\u2019utilisateur peut prendre contact par courrier<br>(Julien Dardoullier, 1909 Route de Tournebize, 63120 Aubusson-d&rsquo;Auvergne) ou directement par mail <a href=\"mailto:contact@rencontredesoi.com\" target=\"_blank\" rel=\"noreferrer noopener\"><\/a><a href=\"mailto:contact@rencontredesoi.com\" target=\"_blank\" rel=\"noreferrer noopener\">2tteam.tyrian@gmail.com<\/a><\/p>\n\n\n\n<p>La modification interviendra dans un d\u00e9lai raisonnable \u00e0 compter de la demande de l\u2019utilisateur.<\/p>\n\n\n\n<p><strong>Droit d\u2019auteur :<\/strong><\/p>\n\n\n\n<p>Le contenu de ce site, notamment les textes, photographies, documents graphiques, leur pr\u00e9sentation et leur assemblage, est prot\u00e9g\u00e9 au titre du droit d\u2019auteur par la propri\u00e9t\u00e9 litt\u00e9raire et artistique.<\/p>\n\n\n\n<p>Toute reproduction, autrement que par l\u2019usage priv\u00e9 du visiteur du site, en vue notamment d\u2019une diffusion publique par n\u2019importe quel moyen, est strictement interdite sans l\u2019autorisation \u00e9crite de Julien Dardoullier. Ainsi, toute repr\u00e9sentation, reproduction, diffusion et rediffusion, partielle ou totale, est interdite conform\u00e9ment au Code de la propri\u00e9t\u00e9 intellectuelle Fran\u00e7aise&nbsp;et ce, sous peine des sanctions applicables en mati\u00e8re de d\u00e9lit de contrefa\u00e7on.<\/p>\n\n\n\n<p><strong>&nbsp;Avertissement:<\/strong><\/p>\n\n\n\n<p>Julien Dardoullier ne pourra en aucun cas \u00eatre tenu pour responsable de tout dommage de quelque nature qu\u2019il soit r\u00e9sultant de toute impossibilit\u00e9 d\u2019utilisation, d\u2019acc\u00e8s, de toute perte d\u00e9coulant des informations disponibles sur ce serveur et ceci quelle que soit l\u2019origine du pr\u00e9judice. Julien Dardoullier ne pourra en aucun cas \u00eatre tenue pour responsable de tout dommage de quelque nature qu\u2019il soit r\u00e9sultant de l\u2019interpr\u00e9tation et\/ou de l\u2019utilisation des informations disponibles sur ce serveur site.<\/p>\n\n\n\n<p><strong>Informations et exclusion<\/strong><\/p>\n\n\n\n<p>Julien Dardoullier met en \u0153uvre tous les moyens dont il dispose, pour assurer une information fiable et une mise \u00e0 jour fiable de ses sites internet. Toutefois, des erreurs ou omissions peuvent survenir. L\u2019internaute devra donc s\u2019assurer de l\u2019exactitude des informations aupr\u00e8s de Julien Dardoullier, et signaler toutes modifications du site qu\u2019il jugerait utile. Julien Dardoullier n\u2019est en aucun cas responsable de l\u2019utilisation faite de ces informations, et de tout pr\u00e9judice direct ou indirect pouvant en d\u00e9couler.<\/p>\n\n\n\n<p><strong>Cookies<\/strong><\/p>\n\n\n\n<p>Pour des besoins de statistiques et d\u2019affichage, le pr\u00e9sent site utilise des cookies. Il s\u2019agit de petits fichiers textes stock\u00e9s sur votre disque dur afin d\u2019enregistrer des donn\u00e9es techniques sur votre navigation. Certaines parties de ce site ne peuvent \u00eatre fonctionnelle sans l\u2019acceptation de cookies.<\/p>\n\n\n\n<p><strong>Liens hypertextes<\/strong><\/p>\n\n\n\n<p>Les sites internet de Julien Dardoullier peuvent offrir des liens vers d\u2019autres sites internet ou d\u2019autres ressources disponibles sur Internet.<a href=\"https:\/\/www.natural-net.fr\/webmarketing.html\" target=\"_blank\" rel=\"noreferrer noopener\"><br><\/a><br>Julien Dardoullier ne dispose d\u2019aucun moyen pour contr\u00f4ler les sites en connexion avec ses sites internet. Julien Dardoullier ne r\u00e9pond pas de la disponibilit\u00e9 de tels sites et sources externes, ni ne la garantit. Il ne peut \u00eatre tenu pour responsable de tout dommage, de quelque nature que ce soit, r\u00e9sultant du contenu de ces sites ou sources externes, et notamment des informations, produits ou services qu\u2019ils proposent, ou de tout usage qui peut \u00eatre fait de ces \u00e9l\u00e9ments. Les risques li\u00e9s \u00e0 cette utilisation incombent pleinement \u00e0 l\u2019internaute, qui doit se conformer \u00e0 leurs conditions d\u2019utilisation.<\/p>\n\n\n\n<p>Les utilisateurs, les abonn\u00e9s et les visiteurs des sites internet de Julien Dardoullier ne peuvent mettre en place un hyperlien en direction de ce site sans l\u2019autorisation expresse et pr\u00e9alable de Julien Dardoullier.<\/p>\n\n\n\n<p>Dans l\u2019hypoth\u00e8se o\u00f9 un utilisateur ou visiteur souhaiterait mettre en place un hyperlien en direction d\u2019un des sites internet de Julien Dardoullier, il lui appartiendra d\u2019adresser un email accessible sur le site afin de formuler sa demande de mise en place d\u2019un hyperlien. Julien Dardoullier se r\u00e9serve le droit d\u2019accepter ou de refuser un hyperlien sans avoir \u00e0 en justifier sa d\u00e9cision.<\/p>\n\n\n\n<p><strong>Recherche<\/strong><\/p>\n\n\n\n<p>En outre, le renvoi sur un site internet pour compl\u00e9ter une information recherch\u00e9e ne signifie en aucune fa\u00e7on que Julien Dardoullier reconna\u00eet ou accepte quelque responsabilit\u00e9 quant \u00e0 la teneur ou \u00e0 l\u2019utilisation dudit site.<\/p>\n\n\n\n<p><strong>Pr\u00e9cautions d\u2019usage<\/strong><\/p>\n\n\n\n<p>Il vous incombe par cons\u00e9quent de prendre les pr\u00e9cautions d\u2019usage n\u00e9cessaires pour vous assurer que ce que vous choisissez d\u2019utiliser ne soit pas entach\u00e9 d\u2019erreurs voire d\u2019\u00e9l\u00e9ments de nature destructrice tels que virus, trojans, etc\u2026.&nbsp;<a href=\"https:\/\/www.natural-net.fr\/creations-sites-internet.html\" target=\"_blank\" rel=\"noreferrer noopener\">&nbsp;<\/a><\/p>\n\n\n\n<p><strong>Responsabilit\u00e9<\/strong><\/p>\n\n\n\n<p>Aucune autre garantie n\u2019est accord\u00e9e au client, auquel incombe l\u2019obligation de formuler clairement ses besoins et le devoir de s\u2019informer. Si des informations fournies par Julien Dardoullier apparaissent inexactes, il appartiendra au client de proc\u00e9der lui-m\u00eame \u00e0 toutes v\u00e9rifications de la coh\u00e9rence ou de la vraisemblance des r\u00e9sultats obtenus. Julien Dardoullier ne sera en aucune fa\u00e7on responsable vis \u00e0 vis des tiers de l\u2019utilisation par le client des informations ou de leur absence contenues dans ses produits y compris un de ses sites Internet.<a href=\"https:\/\/www.site-internet-qualite.fr\/\" target=\"_blank\" rel=\"noreferrer noopener\">&nbsp;<\/a>&nbsp;<a href=\"http:\/\/www.natural-net.fr\/\" target=\"_blank\" rel=\"noreferrer noopener\">&nbsp;<\/a><\/p>\n\n\n\n<p><strong>Contactez-nous<\/strong><\/p>\n\n\n\n<p>Julien Dardoullier est \u00e0 votre disposition pour tous vos commentaires ou suggestions. Vous pouvez nous \u00e9crire en fran\u00e7ais par courrier \u00e9lectronique \u00e0 : <a href=\"mailto:contact@rencontredesoi.com\" target=\"_blank\" rel=\"noreferrer noopener\"><\/a><a href=\"mailto:contact@rencontredesoi.com\" target=\"_blank\" rel=\"noreferrer noopener\">2tteam.tyrian@gmail.com<\/a><\/p>\n\n\n\n<p><strong>Litiges:<\/strong><\/p>\n\n\n\n<p>Les pr\u00e9sentes mentions l\u00e9gales sont r\u00e9gies par les lois Fran\u00e7aises&nbsp;et toute contestation ou litiges qui pourraient na\u00eetre de l\u2019interpr\u00e9tation ou de l\u2019ex\u00e9cution de celles-ci seront de la comp\u00e9tence exclusive des tribunaux dont d\u00e9pend le si\u00e8ge social de Julien Dardoullier. La langue de r\u00e9f\u00e9rence, pour le r\u00e8glement de contentieux \u00e9ventuels, est le fran\u00e7ais.<\/p>\n","protected":false},"excerpt":{"rendered":"<p>Designer du site Design wordpress par Cyril ARTUR Cyril ARTURSIRET :8148597240004314 Rue de l\u2019all\u00e9e63930 AugerollesFRANCEEmail : contact@rencontredesoi.comPas de capital socialNon assujettie \u00e0 la TVA Propri\u00e9taire du site Julien DardoullierSIRET : 95125491100013Adresse : 1909 Route de Tournebize, 63120 Aubusson-d&rsquo;Auvergne FRANCEEmail : 2tteam.tyrian@gmail.comPas de capital socialNon assujettie \u00e0 la TVA Responsable \u00e9ditorial Julien DardoullierSIRET : 95125491100013Adresse: 1909 &#8230; <a title=\"Politique de confidentialit\u00e9\" class=\"read-more\" href=\"https:\/\/2tteam.com\/index.php\/politique-de-confidentialite\/\" aria-label=\"En savoir plus sur Politique de confidentialit\u00e9\">Lire la suite<\/a><\/p>\n","protected":false},"author":1,"featured_media":0,"parent":0,"menu_order":0,"comment_status":"closed","ping_status":"open","template":"","meta":{"_uag_custom_page_level_css":"","advgb_blocks_editor_width":"","advgb_blocks_columns_visual_guide":"","footnotes":""},"class_list":["post-3","page","type-page","status-publish"],"aioseo_notices":[],"uagb_featured_image_src":{"full":false,"thumbnail":false,"medium":false,"medium_large":false,"large":false,"1536x1536":false,"2048x2048":false},"uagb_author_info":{"display_name":"admin2673","author_link":"https:\/\/2tteam.com\/index.php\/author\/admin2673\/"},"uagb_comment_info":0,"uagb_excerpt":"Designer du site Design wordpress par Cyril ARTUR Cyril ARTURSIRET :8148597240004314 Rue de l\u2019all\u00e9e63930 AugerollesFRANCEEmail : contact@rencontredesoi.comPas de capital socialNon assujettie \u00e0 la TVA Propri\u00e9taire du site Julien DardoullierSIRET : 95125491100013Adresse : 1909 Route de Tournebize, 63120 Aubusson-d&rsquo;Auvergne FRANCEEmail : 2tteam.tyrian@gmail.comPas de capital socialNon assujettie \u00e0 la TVA Responsable \u00e9ditorial Julien DardoullierSIRET : 95125491100013Adresse: 1909\u2026","coauthors":[],"author_meta":{"author_link":"https:\/\/2tteam.com\/index.php\/author\/admin2673\/","display_name":"admin2673"},"relative_dates":{"created":"Publi\u00e9 3 ans il y a","modified":"Mis \u00e0 jour 3 ans il y a"},"absolute_dates":{"created":"Publi\u00e9 le 25 avril 2023","modified":"Mise \u00e0 jour le 27 juin 2023"},"absolute_dates_time":{"created":"Publi\u00e9 le 25 avril 2023 18h53","modified":"Mise \u00e0 jour le 27 juin 2023 9h11"},"featured_img_caption":"","featured_img":false,"series_order":"","_links":{"self":[{"href":"https:\/\/2tteam.com\/index.php\/wp-json\/wp\/v2\/pages\/3","targetHints":{"allow":["GET"]}}],"collection":[{"href":"https:\/\/2tteam.com\/index.php\/wp-json\/wp\/v2\/pages"}],"about":[{"href":"https:\/\/2tteam.com\/index.php\/wp-json\/wp\/v2\/types\/page"}],"author":[{"embeddable":true,"href":"https:\/\/2tteam.com\/index.php\/wp-json\/wp\/v2\/users\/1"}],"replies":[{"embeddable":true,"href":"https:\/\/2tteam.com\/index.php\/wp-json\/wp\/v2\/comments?post=3"}],"version-history":[{"count":10,"href":"https:\/\/2tteam.com\/index.php\/wp-json\/wp\/v2\/pages\/3\/revisions"}],"predecessor-version":[{"id":695,"href":"https:\/\/2tteam.com\/index.php\/wp-json\/wp\/v2\/pages\/3\/revisions\/695"}],"wp:attachment":[{"href":"https:\/\/2tteam.com\/index.php\/wp-json\/wp\/v2\/media?parent=3"}],"curies":[{"name":"wp","href":"https:\/\/api.w.org\/{rel}","templated":true}]}}